{"id":143,"date":"2016-06-20T07:48:11","date_gmt":"2016-06-20T07:48:11","guid":{"rendered":"http:\/\/sw-themes.com\/porto_dummy\/?page_id=143"},"modified":"2023-08-09T15:36:21","modified_gmt":"2023-08-09T15:36:21","slug":"inicio","status":"publish","type":"page","link":"https:\/\/panamaplaza.net\/","title":{"rendered":"Inicio"},"content":{"rendered":"<section class=\"wpb-content-wrapper\"><p>[vc_section css_animation=\u00bbfadeIn\u00bb el_class=\u00bbsection_textos-encabezados\u00bb conditional_render=\u00bb%5B%7B%22value_role%22%3A%22administrator%22%7D%5D\u00bb][vc_row full_width=\u00bbstretch_row_content_no_spaces\u00bb conditional_render=\u00bb%5B%7B%22value_role%22%3A%22administrator%22%7D%5D\u00bb el_class=\u00bbimg-header\u00bb][vc_column conditional_render=\u00bb%5B%7B%22value_role%22%3A%22administrator%22%7D%5D\u00bb]<div class=\"porto-carousel owl-carousel has-ccols ccols-1 wpb_custom_9c482bfa696627324799fc9434842f1d\" data-plugin-options=\"{&quot;stagePadding&quot;:0,&quot;margin&quot;:0,&quot;autoplay&quot;:false,&quot;mouseDrag&quot;:true,&quot;touchDrag&quot;:true,&quot;autoplayTimeout&quot;:5000,&quot;autoplayHoverPause&quot;:false,&quot;items&quot;:1,&quot;lg&quot;:1,&quot;md&quot;:1,&quot;sm&quot;:1,&quot;xs&quot;:1,&quot;nav&quot;:false,&quot;dots&quot;:false,&quot;animateIn&quot;:&quot;&quot;,&quot;animateOut&quot;:&quot;&quot;,&quot;loop&quot;:false,&quot;center&quot;:false,&quot;video&quot;:false,&quot;lazyLoad&quot;:false,&quot;fullscreen&quot;:false}\">[vc_row_inner animation_duration=\u00bb2000&#8243; animation_delay=\u00bb400&#8243; el_class=\u00bbcontent_textos-encabezados\u00bb css=\u00bb.vc_custom_1690489737402{padding-right: 0px !important;padding-left: 0px !important;}\u00bb][vc_column_inner css=\u00bb.vc_custom_1688411158671{padding-right: 0px !important;padding-left: 0px !important;}\u00bb][vc_single_image image=\u00bb13637&#8243; img_size=\u00bbfull\u00bb alignment=\u00bbcenter\u00bb el_class=\u00bbcontent_textos-encabezados_imagen\u00bb label=\u00bb\u00bb][\/vc_column_inner][\/vc_row_inner]<\/div>[\/vc_column][\/vc_row][vc_row el_class=\u00bbcontent-form-home\u00bb conditional_render=\u00bb%5B%7B%22value_role%22%3A%22administrator%22%7D%5D\u00bb css=\u00bb.vc_custom_1690490038300{padding-top: 50px !important;padding-bottom: 35px !important;}\u00bb][vc_column offset=\u00bbvc_col-md-offset-3 vc_col-md-6&#8243; conditional_render=\u00bb%5B%7B%22value_role%22%3A%22administrator%22%7D%5D\u00bb]\n<div class=\"wpcf7 no-js\" id=\"wpcf7-f11434-o1\" lang=\"en-US\" dir=\"ltr\">\n<div class=\"screen-reader-response\"><p role=\"status\" aria-live=\"polite\" aria-atomic=\"true\"><\/p> <ul><\/ul><\/div>\n<form action=\"\/index.php?rest_route=%2Fwp%2Fv2%2Fpages%2F143#wpcf7-f11434-o1\" method=\"post\" class=\"wpcf7-form init\" aria-label=\"Contact form\" novalidate=\"novalidate\" data-status=\"init\">\n<div style=\"display: none;\">\n<input type=\"hidden\" name=\"_wpcf7\" value=\"11434\" \/>\n<input type=\"hidden\" name=\"_wpcf7_version\" value=\"5.7.7\" \/>\n<input type=\"hidden\" name=\"_wpcf7_locale\" value=\"en_US\" \/>\n<input type=\"hidden\" name=\"_wpcf7_unit_tag\" value=\"wpcf7-f11434-o1\" \/>\n<input type=\"hidden\" name=\"_wpcf7_container_post\" value=\"0\" \/>\n<input type=\"hidden\" name=\"_wpcf7_posted_data_hash\" value=\"\" \/>\n<\/div>\n<div class=\"row contact-form home-contacto\">\n\t<div class=\"titulos-form-home\">\n\t\t<h2>Solicitar una reuni\u00f3n\n\t\t<\/h2>\n\t\t<h3>\u00bfLe gustar\u00eda saber m\u00e1s de <span>nuestro proyecto?<\/span>\n\t\t<\/h3>\n\t<\/div>\n\t<div class=\"row form-contact\">\n\t\t<div class=\"height-text col-lg-6\">\n\t\t\t<p><label for=\"contact-name\" class=\"custom-font-family font-weight-medium\">Nombre <span class=\"text-secondary\">*<\/span><\/label><br \/>\n<span class=\"wpcf7-form-control-wrap\" data-name=\"your-name\"><input size=\"40\" class=\"wpcf7-form-control wpcf7-text wpcf7-validates-as-required form-control line-height-lg\" id=\"contact-name\" aria-required=\"true\" aria-invalid=\"false\" value=\"\" type=\"text\" name=\"your-name\" \/><\/span>\n\t\t\t<\/p>\n\t\t<\/div>\n\t\t<div class=\"height-text col-lg-6\">\n\t\t\t<p><label for=\"contact-name\" class=\"custom-font-family font-weight-medium\">Apellido <span class=\"text-secondary\">*<\/span><\/label><br \/>\n<span class=\"wpcf7-form-control-wrap\" data-name=\"your-apellido\"><input size=\"40\" class=\"wpcf7-form-control wpcf7-text wpcf7-validates-as-required form-control line-height-lg\" id=\"contact-name\" aria-required=\"true\" aria-invalid=\"false\" value=\"\" type=\"text\" name=\"your-apellido\" \/><\/span>\n\t\t\t<\/p>\n\t\t<\/div>\n\t\t<div class=\"height-text col-lg-6\">\n\t\t\t<p><label for=\"contact-name\" class=\"custom-font-family font-weight-medium\">Tel\u00e9fono <span class=\"text-secondary\">*<\/span><\/label><br \/>\n<span class=\"wpcf7-form-control-wrap\" data-name=\"your-telefono\"><input size=\"40\" class=\"wpcf7-form-control wpcf7-text wpcf7-validates-as-required form-control line-height-lg\" id=\"contact-name\" aria-required=\"true\" aria-invalid=\"false\" value=\"\" type=\"text\" name=\"your-telefono\" \/><\/span>\n\t\t\t<\/p>\n\t\t<\/div>\n\t\t<div class=\"height-text col-lg-6\">\n\t\t\t<p><label for=\"contact-email\" class=\"custom-font-family font-weight-medium\">Correo <span class=\"text-secondary\">*<\/span><\/label><br \/>\n<span class=\"wpcf7-form-control-wrap\" data-name=\"your-email\"><input size=\"40\" class=\"wpcf7-form-control wpcf7-text wpcf7-email wpcf7-validates-as-required wpcf7-validates-as-email form-control line-height-lg\" id=\"contact-email\" aria-required=\"true\" aria-invalid=\"false\" value=\"\" type=\"email\" name=\"your-email\" \/><\/span>\n\t\t\t<\/p>\n\t\t<\/div>\n\t\t<div class=\"height-btn col-lg-12\">\n\t\t\t<div class=\"cf7-cf-turnstile\" style=\"margin-top: -10px; margin-bottom: -15px;\"> <div id=\"cf-turnstile-cf7-2757757041\" class=\"cf-turnstile\" data-sitekey=\"0x4AAAAAAAD7B7pEZtZVmaU9\" data-theme=\"dark\" data-language=\"auto\" data-retry=\"auto\" data-retry-interval=\"1000\" data-action=\"contact-form-7\" data-appearance=\"always\" style=\"margin-left: -15px;\"><\/div> <br\/> <script>document.addEventListener(\"DOMContentLoaded\",(function(){var e=document.getElementById(\"cf-turnstile-cf7-2757757041\");setTimeout((function(){e&&(turnstile.remove(\"#cf-turnstile-cf7-2757757041\"),turnstile.render(\"#cf-turnstile-cf7-2757757041\",{sitekey:\"0x4AAAAAAAD7B7pEZtZVmaU9\"}))}),50)}));<\/script> <script> document.addEventListener(\"DOMContentLoaded\", function() { document.querySelectorAll('.wpcf7-form').forEach(function(el) { el.addEventListener('submit', function() { if (document.getElementById('cf-turnstile-cf7-2757757041')) { setTimeout(function() { turnstile.render('#cf-turnstile-cf7-2757757041'); }, 4000); } }); }); }); <\/script> <\/div><br \/>\n<input class=\"wpcf7-form-control has-spinner wpcf7-submit btn btn-primary form-contact\" type=\"submit\" value=\"ENVIAR\" \/>\n\t\t\t<\/p>\n\t\t<\/div>\n\t<\/div>\n<\/div><div class=\"wpcf7-response-output\" aria-hidden=\"true\"><\/div>\n<\/form>\n<\/div>\n[\/vc_column][\/vc_row][\/vc_section][vc_section full_width=\u00bbstretch_row_content\u00bb css=\u00bb.vc_custom_1689274443290{background-color: #3f3a60 !important;}\u00bb conditional_render=\u00bb%5B%7B%22value_role%22%3A%22administrator%22%7D%5D\u00bb][vc_row wrap_container=\u00bbyes\u00bb conditional_render=\u00bb%5B%7B%22value_role%22%3A%22administrator%22%7D%5D\u00bb css=\u00bb.vc_custom_1689275385883{padding-right: 25px !important;padding-left: 25px !important;}\u00bb][vc_column]<div class=\"porto-u-heading pb-3  wpb_custom_95aa9a11c17ad45cfabaf210d84ee7cc\" data-hspacer=\"no_spacer\" data-halign=\"center\" style=\"text-align:center\"><div class=\"porto-u-main-heading\"><h3   style=\"color:#ffffff;\">Ubicada en una de las v\u00edas m\u00e1s transitadas de la ciudad de Panam\u00e1<\/h3><\/div><\/div>[vc_row_inner][vc_column_inner width=\u00bb1\/2&#8243; css=\u00bb.vc_custom_1689275316057{margin-bottom: 25px !important;}\u00bb offset=\u00bbvc_col-md-3&#8243;]<div class=\"porto-sicon-box  wpb_custom_1efe903570d178ff0a9b7bfa5febd3a4 style_1 default-icon\"><div class=\"porto-sicon-default\"><div class=\"porto-just-icon-wrapper porto-icon none\" style=\"color:#da8824;font-size:35px;\"><i class=\"fas fa-car\"><\/i><\/div><\/div><div class=\"porto-sicon-header\"><h3 class=\"porto-sicon-title\" style=\"color:#ffffff;\">Alto Flujo<br \/>\nVehicular.<\/h3><\/div> <!-- header --><\/div><!-- porto-sicon-box -->[\/vc_column_inner][vc_column_inner width=\u00bb1\/2&#8243; css=\u00bb.vc_custom_1689275322047{margin-bottom: 25px !important;}\u00bb offset=\u00bbvc_col-md-3&#8243;]<div class=\"porto-sicon-box  wpb_custom_1efe903570d178ff0a9b7bfa5febd3a4 style_1 default-icon\"><div class=\"porto-sicon-default\"><div class=\"porto-just-icon-wrapper porto-icon none\" style=\"color:#da8824;font-size:35px;\"><i class=\"fas fa-door-open\"><\/i><\/div><\/div><div class=\"porto-sicon-header\"><h3 class=\"porto-sicon-title\" style=\"color:#ffffff;\">F\u00e1cil en<br \/>\nAcceso.<\/h3><\/div> <!-- header --><\/div><!-- porto-sicon-box -->[\/vc_column_inner][vc_column_inner width=\u00bb1\/2&#8243; css=\u00bb.vc_custom_1689275328056{margin-bottom: 25px !important;}\u00bb offset=\u00bbvc_col-md-3&#8243;]<div class=\"porto-sicon-box  wpb_custom_1efe903570d178ff0a9b7bfa5febd3a4 style_1 default-icon\"><div class=\"porto-sicon-default\"><div class=\"porto-just-icon-wrapper porto-icon none\" style=\"color:#da8824;font-size:35px;\"><i class=\"fas fa-building\"><\/i><\/div><\/div><div class=\"porto-sicon-header\"><h3 class=\"porto-sicon-title\" style=\"color:#ffffff;\">Dise\u00f1o Arquitect\u00f3nico<br \/>\nModerno.<\/h3><\/div> <!-- header --><\/div><!-- porto-sicon-box -->[\/vc_column_inner][vc_column_inner width=\u00bb1\/2&#8243; css=\u00bb.vc_custom_1689275334183{margin-bottom: 25px !important;}\u00bb offset=\u00bbvc_col-md-3&#8243;]<div class=\"porto-sicon-box  wpb_custom_1efe903570d178ff0a9b7bfa5febd3a4 style_1 default-icon\"><div class=\"porto-sicon-default\"><div class=\"porto-just-icon-wrapper porto-icon none\" style=\"color:#da8824;font-size:35px;\"><i class=\"fas fa-bus-alt\"><\/i><\/div><\/div><div class=\"porto-sicon-header\"><h3 class=\"porto-sicon-title\" style=\"color:#ffffff;\">Cercania a Paradas de<br \/>\nBus y Metro.<\/h3><\/div> <!-- header --><\/div><!-- porto-sicon-box -->[\/vc_column_inner][\/vc_row_inner][\/vc_column][\/vc_row][\/vc_section][vc_section full_width=\u00bbstretch_row_content\u00bb css=\u00bb.vc_custom_1690488053847{margin-top: 25px !important;}\u00bb conditional_render=\u00bb%5B%7B%22value_role%22%3A%22administrator%22%7D%5D\u00bb el_class=\u00bbmin-witdh-custon\u00bb][vc_row][vc_column offset=\u00bbvc_col-lg-6&#8243; conditional_render=\u00bb%5B%7B%22value_role%22%3A%22administrator%22%7D%5D\u00bb][vc_raw_html el_class=\u00bbcenter-video\u00bb]JTNDdmlkZW8lMjBjbGFzcyUzRCUyMmVtYmVkLXJlc3BvbnNpdmUtaXRlbSUyMHZpZGVvLXNpemUlMjIlMjBsb29wJTNEJTIyJTIyJTIwbXV0ZWQlM0QlMjIlMjIlMjBwbGF5c2lubGluZSUzRCUyMiUyMiUyMGF1dG9wbGF5JTNEJTIyJTIyJTIwY29udHJvbHMlM0QlMjIlMjIlMjBwb3N0ZXIlM0QlMjIlMjIlM0UlM0Nzb3VyY2UlMjBzcmMlM0QlMjJodHRwcyUzQSUyRiUyRm1lZGlhLnBhbmFtYXBsYXphLm5ldCUyRnBhbmFtYXBsYXphdmlkZW8tcmVuZGVyLm1wNCUyMiUzRSUzQyUyRnZpZGVvJTNF[\/vc_raw_html][\/vc_column][vc_column offset=\u00bbvc_col-lg-6&#8243; conditional_render=\u00bb%5B%7B%22value_role%22%3A%22administrator%22%7D%5D\u00bb][vc_column_text]<strong>Bienvenidos a Panam\u00e1 Plaza<\/strong>, el lugar donde los sue\u00f1os comerciales se hacen realidad! \u00bfEst\u00e1s buscando el espacio perfecto para iniciar o expandir tu negocio? \u00a1No busques m\u00e1s! En Panam\u00e1 Plaza, hemos creado un entorno empresarial excepcionalmente dise\u00f1ado para ayudarte a alcanzar el \u00e9xito que te mereces.<\/p>\n<p>Aqu\u00ed, en <strong>Panam\u00e1 Plaza<\/strong>, entendemos las necesidades de los empresarios y emprendedores como t\u00fa. Hemos creado una experiencia \u00fanica que combina dise\u00f1o moderno, ubicaci\u00f3n estrat\u00e9gica y una amplia variedad de servicios para garantizar que tu negocio prospere.<\/p>\n<p>En <strong>Panam\u00e1 Plaza<\/strong>, no solo encontrar\u00e1s una ubicaci\u00f3n privilegiada en la transitada ciudad de Panam\u00e1, sino que tambi\u00e9n disfrutar\u00e1s de un entorno empresarial estimulante. Nuestro concepto integral incluye una variedad de tiendas, restaurantes y servicios complementarios para crear un ambiente din\u00e1mico y atractivo.[\/vc_column_text][\/vc_column][\/vc_row][\/vc_section][vc_section][vc_row][vc_column width=\u00bb1\/2&#8243;][vc_single_image image=\u00bb13634&#8243; img_size=\u00bbfull\u00bb alignment=\u00bbcenter\u00bb label=\u00bb\u00bb][\/vc_column][vc_column width=\u00bb1\/2&#8243;][vc_single_image image=\u00bb13635&#8243; img_size=\u00bbfull\u00bb alignment=\u00bbcenter\u00bb label=\u00bb\u00bb][\/vc_column][\/vc_row][\/vc_section][vc_section el_id=\u00bbimagenes\u00bb conditional_render=\u00bb%5B%7B%22value_role%22%3A%22administrator%22%7D%5D\u00bb][vc_row full_width=\u00bbstretch_row_content_no_spaces\u00bb conditional_render=\u00bb%5B%7B%22value_role%22%3A%22administrator%22%7D%5D\u00bb][vc_column]<div class=\"porto-carousel owl-carousel has-ccols ccols-1 wpb_custom_c86c2fb53cae9eced42d4b8900a042f3 big-nav\" data-plugin-options=\"{&quot;stagePadding&quot;:0,&quot;margin&quot;:0,&quot;autoplay&quot;:false,&quot;mouseDrag&quot;:true,&quot;touchDrag&quot;:true,&quot;autoplayTimeout&quot;:5000,&quot;autoplayHoverPause&quot;:false,&quot;items&quot;:1,&quot;lg&quot;:1,&quot;md&quot;:1,&quot;sm&quot;:1,&quot;xs&quot;:1,&quot;nav&quot;:&quot;yes&quot;,&quot;dots&quot;:false,&quot;animateIn&quot;:&quot;&quot;,&quot;animateOut&quot;:&quot;&quot;,&quot;loop&quot;:&quot;yes&quot;,&quot;center&quot;:false,&quot;video&quot;:false,&quot;lazyLoad&quot;:false,&quot;fullscreen&quot;:false}\">[vc_single_image image=\u00bb13616&#8243; img_size=\u00bbfull\u00bb alignment=\u00bbcenter\u00bb][vc_single_image image=\u00bb13620&#8243; img_size=\u00bbfull\u00bb alignment=\u00bbcenter\u00bb][vc_single_image image=\u00bb13621&#8243; img_size=\u00bbfull\u00bb alignment=\u00bbcenter\u00bb][vc_single_image image=\u00bb13619&#8243; img_size=\u00bbfull\u00bb alignment=\u00bbcenter\u00bb]<\/div>[\/vc_column][\/vc_row][\/vc_section]<\/p>\n<\/section>","protected":false},"excerpt":{"rendered":"<p>[vc_section css_animation=\u00bbfadeIn\u00bb el_class=\u00bbsection_textos-encabezados\u00bb conditional_render=\u00bb%5B%7B%22value_role%22%3A%22administrator%22%7D%5D\u00bb][vc_row full_width=\u00bbstretch_row_content_no_spaces\u00bb conditional_render=\u00bb%5B%7B%22value_role%22%3A%22administrator%22%7D%5D\u00bb el_class=\u00bbimg-header\u00bb][vc_column conditional_render=\u00bb%5B%7B%22value_role%22%3A%22administrator%22%7D%5D\u00bb][\/vc_column][\/vc_row][vc_row el_class=\u00bbcontent-form-home\u00bb conditional_render=\u00bb%5B%7B%22value_role%22%3A%22administrator%22%7D%5D\u00bb css=\u00bb.vc_custom_1690490038300{padding-top: 50px !important;padding-bottom: 35px !important;}\u00bb][vc_column offset=\u00bbvc_col-md-offset-3 vc_col-md-6&#8243; conditional_render=\u00bb%5B%7B%22value_role%22%3A%22administrator%22%7D%5D\u00bb][\/vc_column][\/vc_row][\/vc_section][vc_section full_width=\u00bbstretch_row_content\u00bb css=\u00bb.vc_custom_1689274443290{background-color: #3f3a60 !important;}\u00bb conditional_render=\u00bb%5B%7B%22value_role%22%3A%22administrator%22%7D%5D\u00bb][vc_row wrap_container=\u00bbyes\u00bb conditional_render=\u00bb%5B%7B%22value_role%22%3A%22administrator%22%7D%5D\u00bb css=\u00bb.vc_custom_1689275385883{padding-right: 25px !important;padding-left: 25px !important;}\u00bb][vc_column][vc_row_inner][vc_column_inner width=\u00bb1\/2&#8243; css=\u00bb.vc_custom_1689275316057{margin-bottom: 25px !important;}\u00bb offset=\u00bbvc_col-md-3&#8243;][\/vc_column_inner][vc_column_inner width=\u00bb1\/2&#8243; css=\u00bb.vc_custom_1689275322047{margin-bottom: 25px !important;}\u00bb offset=\u00bbvc_col-md-3&#8243;][\/vc_column_inner][vc_column_inner width=\u00bb1\/2&#8243; css=\u00bb.vc_custom_1689275328056{margin-bottom: 25px !important;}\u00bb offset=\u00bbvc_col-md-3&#8243;][\/vc_column_inner][vc_column_inner width=\u00bb1\/2&#8243; css=\u00bb.vc_custom_1689275334183{margin-bottom: 25px !important;}\u00bb offset=\u00bbvc_col-md-3&#8243;][\/vc_column_inner][\/vc_row_inner][\/vc_column][\/vc_row][\/vc_section][vc_section full_width=\u00bbstretch_row_content\u00bb css=\u00bb.vc_custom_1690488053847{margin-top: 25px !important;}\u00bb conditional_render=\u00bb%5B%7B%22value_role%22%3A%22administrator%22%7D%5D\u00bb [&hellip;]<\/p>\n","protected":false},"author":1,"featured_media":0,"parent":0,"menu_order":0,"comment_status":"closed","ping_status":"closed","template":"","meta":{"inline_featured_image":false,"footnotes":""},"class_list":["post-143","page","type-page","status-publish","hentry"],"_links":{"self":[{"href":"https:\/\/panamaplaza.net\/index.php?rest_route=\/wp\/v2\/pages\/143","targetHints":{"allow":["GET"]}}],"collection":[{"href":"https:\/\/panamaplaza.net\/index.php?rest_route=\/wp\/v2\/pages"}],"about":[{"href":"https:\/\/panamaplaza.net\/index.php?rest_route=\/wp\/v2\/types\/page"}],"author":[{"embeddable":true,"href":"https:\/\/panamaplaza.net\/index.php?rest_route=\/wp\/v2\/users\/1"}],"replies":[{"embeddable":true,"href":"https:\/\/panamaplaza.net\/index.php?rest_route=%2Fwp%2Fv2%2Fcomments&post=143"}],"version-history":[{"count":4,"href":"https:\/\/panamaplaza.net\/index.php?rest_route=\/wp\/v2\/pages\/143\/revisions"}],"predecessor-version":[{"id":13639,"href":"https:\/\/panamaplaza.net\/index.php?rest_route=\/wp\/v2\/pages\/143\/revisions\/13639"}],"wp:attachment":[{"href":"https:\/\/panamaplaza.net\/index.php?rest_route=%2Fwp%2Fv2%2Fmedia&parent=143"}],"curies":[{"name":"wp","href":"https:\/\/api.w.org\/{rel}","templated":true}]}}